{"id":701,"date":"2016-07-10T15:45:46","date_gmt":"2016-07-10T13:45:46","guid":{"rendered":"http:\/\/www.anacrismont.com\/?page_id=701"},"modified":"2017-05-27T08:58:35","modified_gmt":"2017-05-27T06:58:35","slug":"liebe-hochzeit","status":"publish","type":"page","link":"http:\/\/www.anacrismont.com\/fr_FR\/liebe-hochzeit\/","title":{"rendered":"Amour & marriage"},"content":{"rendered":"<div  class=\"lgc-column lgc-grid-parent lgc-grid-25 lgc-tablet-grid-50 lgc-mobile-grid-100 lgc-equal-heights \"><div  class=\"inside-grid-column\">\n            <div class=\"squareDemo squareDemo_production shape box\" id=\"square_production_Liebe_Paare_FR3459907\" style='background: url(\"http:\/\/www.anacrismont.com\/wp-content\/uploads\/2016\/07\/IMG_4065.jpg\") no-repeat left top \/ 100%; border-width: 0px; border-color: rgb(185, 184, 184); width: 250px; height: 200px;' dh=\"200\" dw=\"250\">\n                                <span class=\"textArea\" style=\"width: 230px; height: 150px;\"><\/span>\n\n                <div class=\"squareLitDemo shape\" id=\"square-lit\" style=\"background: rgb(185, 184, 184); top: 160px; width: 250px; height: 200px;\" entrance=\"1\">\n                    <a class=\"title_2 title_link_out\" href=\"http:\/\/www.anacrismont.com\/?page_id=703\"><h3 class=\"title\" style=\"font-size: 20px;\">COUPLES<\/h3><\/a>\n                    <hr class=\"divLit\"\/>\n                    <div class=\"textAreaWrapper\">\n                                        <span class=\"textArea\" style=\"width: 230px; height: 150px;\"><\/span>\n                    <\/div>\n                <\/div>\n            <\/div>\n        <\/div><\/div>\n<div  class=\"lgc-column lgc-grid-parent lgc-grid-25 lgc-tablet-grid-50 lgc-mobile-grid-100 lgc-equal-heights \"><div  class=\"inside-grid-column\">\n            <div class=\"squareDemo squareDemo_production shape box\" id=\"square_production_Liebe_Trauung_FR2379021\" style='background: url(\"http:\/\/www.anacrismont.com\/wp-content\/uploads\/2016\/07\/IMG_4760.jpg\") no-repeat left top \/ 100%; border-width: 0px; border-color: rgb(185, 184, 184); width: 250px; height: 200px;' dh=\"200\" dw=\"250\">\n                                <span class=\"textArea\" style=\"width: 230px; height: 150px;\"><\/span>\n\n                <div class=\"squareLitDemo shape\" id=\"square-lit\" style=\"background: rgb(185, 184, 184); top: 160px; width: 250px; height: 200px;\" entrance=\"1\">\n                    <a class=\"title_2 title_link_out\" href=\"http:\/\/www.anacrismont.com\/?page_id=707\"><h3 class=\"title\" style=\"font-size: 20px;\">C\u00c9R\u00c9MONIE<\/h3><\/a>\n                    <hr class=\"divLit\"\/>\n                    <div class=\"textAreaWrapper\">\n                                        <span class=\"textArea\" style=\"width: 230px; height: 150px;\"><\/span>\n                    <\/div>\n                <\/div>\n            <\/div>\n        <\/div><\/div>\n<div  class=\"lgc-column lgc-grid-parent lgc-grid-25 lgc-tablet-grid-50 lgc-mobile-grid-100 lgc-equal-heights \"><div  class=\"inside-grid-column\">\n            <div class=\"squareDemo squareDemo_production shape box\" id=\"square_production_Liebe_Frisch_FR101634\" style='background: url(\"http:\/\/www.anacrismont.com\/wp-content\/uploads\/2016\/07\/MG_1908.jpg\") no-repeat left top \/ 100%; border-width: 0px; border-color: rgb(185, 184, 184); width: 250px; height: 200px;' dh=\"200\" dw=\"250\">\n                                <span class=\"textArea\" style=\"width: 230px; height: 150px;\"><\/span>\n\n                <div class=\"squareLitDemo shape\" id=\"square-lit\" style=\"background: rgb(185, 184, 184); top: 160px; width: 250px; height: 200px;\" entrance=\"1\">\n                    <a class=\"title_2 title_link_out\" href=\"http:\/\/www.anacrismont.com\/?page_id=732\"><h3 class=\"title\" style=\"font-size: 18px;\">TOUT JUSTE MARI\u00c9S<\/h3><\/a>\n                    <hr class=\"divLit\"\/>\n                    <div class=\"textAreaWrapper\">\n                                        <span class=\"textArea\" style=\"width: 230px; height: 150px;\"><\/span>\n                    <\/div>\n                <\/div>\n            <\/div>\n        <\/div><\/div>\n<div  class=\"lgc-column lgc-grid-parent lgc-grid-25 lgc-tablet-grid-50 lgc-mobile-grid-100 lgc-equal-heights \"><div  class=\"inside-grid-column\">\n            <div class=\"squareDemo squareDemo_production shape box\" id=\"square_production_Liebe_fiesta_FR267746\" style='background: url(\"http:\/\/www.anacrismont.com\/wp-content\/uploads\/2016\/07\/MG_9292.jpg\") no-repeat left top \/ 100%; border-color: rgb(185, 184, 184); width: 250px; height: 200px;' dh=\"200\" dw=\"250\">\n                                <span class=\"textArea\" style=\"width: 230px; height: 150px;\"><\/span>\n\n                <div class=\"squareLitDemo shape\" id=\"square-lit\" style=\"background: rgb(185, 184, 184); top: 160px; width: 250px; height: 200px;\" entrance=\"1\">\n                    <a class=\"title_2 title_link_out\" href=\"http:\/\/www.anacrismont.com\/?page_id=709\"><h3 class=\"title\" style=\"font-size: 18px;\">F\u00caTE<\/h3><\/a>\n                    <hr class=\"divLit\"\/>\n                    <div class=\"textAreaWrapper\">\n                                        <span class=\"textArea\" style=\"width: 230px; height: 150px;\"><\/span>\n                    <\/div>\n                <\/div>\n            <\/div>\n        <\/div><\/div><div class=\"lgc-clear\"><\/div>\n<p>L&#8217;amour l&#8217;amour! J&#8217;aime la vie et de l&#8217;amour!<\/p>\n<p>Connaissant un peu mieux chaque\u00a0couple avec qui je travaille, cela me permet de prendre de meilleures photos. Habituellement\u00a0se\u00a0rencontrer a l&#8217;avance\u00a0est inclus dans chaque contrat, pour savoir ce qui est important pour vous. Je pourrait donc vous offrir des belles images pour ce jour important. Je vous propose diff\u00e9rents\u00a0options selon vos besoins. G\u00e9n\u00e9ralement je\u00a0travaille seule, dans les activit\u00e9s plus grandes, je travaille avec un assistant au qui je fais confiance.<\/p>\n<p>Mon travail est d&#8217;\u00eatre attentive, de sentir ce qui se passe et \u00eatre pr\u00eate \u00e0 photographier. Habituellement, apr\u00e8s avoir photographi\u00e9 un mariage que j&#8217;ai besoin\u00a0d&#8217;au moins un jour sans regarder\u00a0les photos, afin que je puisse avoir une distance \u00e9motionnelle de tout ce que j\u00b4ai vu, senti, et photographi\u00e9. Et apr\u00e8s avoir mon coeur un peu plus\u00a0tranquil, je fais l&#8217;\u00e9dition des images. Je vous donnerai toutes les meilleures photos avec \u00e9dition de base. Et oui, des fois je pleure\u00a0dans vos\u00a0mariages quand j&#8217;entends\u00a0vos engagements\u00a0qui viennent\u00a0du c\u0153ur!<\/p>\n","protected":false},"excerpt":{"rendered":"[lgc_column grid=\"25\" tablet_grid=\"50\" mobile_grid=\"100\" last=\"false\"][virtual_slide_box id=\"59\"][\/lgc_column]\n[lgc_column grid=\"25\" tablet_grid=\"50\" mobile_grid=\"100\" last=\"false\"][virtual_slide_box id=\"61\"][\/lgc_column]\n<p>[lgc_column grid=&#8220;25&#8243; &#8230;<\/p>\n","protected":false},"author":1,"featured_media":0,"parent":0,"menu_order":0,"comment_status":"closed","ping_status":"closed","template":"page-templates\/page_fullwidth.php","meta":[],"_links":{"self":[{"href":"http:\/\/www.anacrismont.com\/fr_FR\/wp-json\/wp\/v2\/pages\/701"}],"collection":[{"href":"http:\/\/www.anacrismont.com\/fr_FR\/wp-json\/wp\/v2\/pages"}],"about":[{"href":"http:\/\/www.anacrismont.com\/fr_FR\/wp-json\/wp\/v2\/types\/page"}],"author":[{"embeddable":true,"href":"http:\/\/www.anacrismont.com\/fr_FR\/wp-json\/wp\/v2\/users\/1"}],"replies":[{"embeddable":true,"href":"http:\/\/www.anacrismont.com\/fr_FR\/wp-json\/wp\/v2\/comments?post=701"}],"version-history":[{"count":64,"href":"http:\/\/www.anacrismont.com\/fr_FR\/wp-json\/wp\/v2\/pages\/701\/revisions"}],"predecessor-version":[{"id":1897,"href":"http:\/\/www.anacrismont.com\/fr_FR\/wp-json\/wp\/v2\/pages\/701\/revisions\/1897"}],"wp:attachment":[{"href":"http:\/\/www.anacrismont.com\/fr_FR\/wp-json\/wp\/v2\/media?parent=701"}],"curies":[{"name":"wp","href":"https:\/\/api.w.org\/{rel}","templated":true}]}}