{"id":701,"date":"2016-07-10T15:45:46","date_gmt":"2016-07-10T13:45:46","guid":{"rendered":"http:\/\/www.anacrismont.com\/?page_id=701"},"modified":"2017-05-27T08:58:35","modified_gmt":"2017-05-27T06:58:35","slug":"liebe-hochzeit","status":"publish","type":"page","link":"http:\/\/www.anacrismont.com\/es_ES\/liebe-hochzeit\/","title":{"rendered":"Bodas & Amor"},"content":{"rendered":"<div  class=\"lgc-column lgc-grid-parent lgc-grid-25 lgc-tablet-grid-50 lgc-mobile-grid-100 lgc-equal-heights \"><div  class=\"inside-grid-column\">\n            <div class=\"squareDemo squareDemo_production shape box\" id=\"square_production_Liebe_Paare_ES8710285\" style='background: url(\"http:\/\/www.anacrismont.com\/wp-content\/uploads\/2016\/07\/IMG_4065.jpg\") no-repeat left top \/ 100%; border-width: 0px; border-color: rgb(185, 184, 184); width: 250px; height: 200px;' dh=\"200\" dw=\"250\">\n                                <span class=\"textArea\" style=\"width: 230px; height: 150px;\"><\/span>\n\n                <div class=\"squareLitDemo shape\" id=\"square-lit\" style=\"background: rgb(185, 184, 184); top: 160px; width: 250px; height: 200px;\" entrance=\"1\">\n                    <a class=\"title_2 title_link_out\" href=\"http:\/\/www.anacrismont.com\/?page_id=703\"><h3 class=\"title\" style=\"font-size: 20px;\">PAREJAS<\/h3><\/a>\n                    <hr class=\"divLit\"\/>\n                    <div class=\"textAreaWrapper\">\n                                        <span class=\"textArea\" style=\"width: 230px; height: 150px;\"><\/span>\n                    <\/div>\n                <\/div>\n            <\/div>\n        <\/div><\/div>\n<div  class=\"lgc-column lgc-grid-parent lgc-grid-25 lgc-tablet-grid-50 lgc-mobile-grid-100 lgc-equal-heights \"><div  class=\"inside-grid-column\">\n            <div class=\"squareDemo squareDemo_production shape box\" id=\"square_production_Liebe_Trauung_ES3693297\" style='background: url(\"http:\/\/www.anacrismont.com\/wp-content\/uploads\/2016\/07\/IMG_4760.jpg\") no-repeat left top \/ 100%; border-width: 0px; border-color: rgb(185, 184, 184); width: 250px; height: 200px;' dh=\"200\" dw=\"250\">\n                                <span class=\"textArea\" style=\"width: 230px; height: 150px;\"><\/span>\n\n                <div class=\"squareLitDemo shape\" id=\"square-lit\" style=\"background: rgb(185, 184, 184); top: 160px; width: 250px; height: 200px;\" entrance=\"1\">\n                    <a class=\"title_2 title_link_out\" href=\"http:\/\/www.anacrismont.com\/?page_id=707\"><h3 class=\"title\" style=\"font-size: 20px;\">BODA<\/h3><\/a>\n                    <hr class=\"divLit\"\/>\n                    <div class=\"textAreaWrapper\">\n                                        <span class=\"textArea\" style=\"width: 230px; height: 150px;\"><\/span>\n                    <\/div>\n                <\/div>\n            <\/div>\n        <\/div><\/div>\n<div  class=\"lgc-column lgc-grid-parent lgc-grid-25 lgc-tablet-grid-50 lgc-mobile-grid-100 lgc-equal-heights \"><div  class=\"inside-grid-column\">\n            <div class=\"squareDemo squareDemo_production shape box\" id=\"square_production_Liebe_Frisch_ES4735757\" style='background: url(\"http:\/\/www.anacrismont.com\/wp-content\/uploads\/2016\/07\/MG_1908.jpg\") no-repeat left top \/ 100%; border-width: 0px; border-color: rgb(185, 184, 184); width: 250px; height: 200px;' dh=\"200\" dw=\"250\">\n                                <span class=\"textArea\" style=\"width: 230px; height: 150px;\"><\/span>\n\n                <div class=\"squareLitDemo shape\" id=\"square-lit\" style=\"background: rgb(185, 184, 184); top: 160px; width: 250px; height: 200px;\" entrance=\"1\">\n                    <a class=\"title_2 title_link_out\" href=\"http:\/\/www.anacrismont.com\/?page_id=732\"><h3 class=\"title\" style=\"font-size: 18px;\">RECI\u00c9N CASADOS<\/h3><\/a>\n                    <hr class=\"divLit\"\/>\n                    <div class=\"textAreaWrapper\">\n                                        <span class=\"textArea\" style=\"width: 230px; height: 150px;\"><\/span>\n                    <\/div>\n                <\/div>\n            <\/div>\n        <\/div><\/div>\n<div  class=\"lgc-column lgc-grid-parent lgc-grid-25 lgc-tablet-grid-50 lgc-mobile-grid-100 lgc-equal-heights \"><div  class=\"inside-grid-column\">\n            <div class=\"squareDemo squareDemo_production shape box\" id=\"square_production_Liebe_fiesta_ES7343673\" style='background: url(\"http:\/\/www.anacrismont.com\/wp-content\/uploads\/2016\/07\/MG_9292.jpg\") no-repeat left top \/ 100%; border-color: rgb(185, 184, 184); width: 250px; height: 200px;' dh=\"200\" dw=\"250\">\n                                <span class=\"textArea\" style=\"width: 230px; height: 150px;\"><\/span>\n\n                <div class=\"squareLitDemo shape\" id=\"square-lit\" style=\"background: rgb(185, 184, 184); top: 160px; width: 250px; height: 200px;\" entrance=\"1\">\n                    <a class=\"title_2 title_link_out\" href=\"http:\/\/www.anacrismont.com\/?page_id=709\"><h3 class=\"title\" style=\"font-size: 18px;\">FIESTA<\/h3><\/a>\n                    <hr class=\"divLit\"\/>\n                    <div class=\"textAreaWrapper\">\n                                        <span class=\"textArea\" style=\"width: 230px; height: 150px;\"><\/span>\n                    <\/div>\n                <\/div>\n            <\/div>\n        <\/div><\/div><div class=\"lgc-clear\"><\/div>\n<p style=\"text-align: justify;\">El amor &#8230; el amor! Me enamora la vida y el amor!<\/p>\n<p style=\"text-align: justify;\">El saber un poco m\u00e1s de cada pareja con la que trabajo, me permite hacerles mejores fotograf\u00edas. Usualmente conocernos con anterioridad est\u00e1 incluido en cada contrato,\u00a0 para saber qu\u00e9 es importante para ustedes. As\u00ed recibir\u00e1n las mejores fotografias para recordar este d\u00eda tan especial. Ofrezco distintos paquetes de acuerdo a sus necesidades. En general trabajo sola, en actividades m\u00e1s grandes con un asistente en el que conf\u00edo.<\/p>\n<p style=\"text-align: justify;\">Mi trabajo es estar atenta, sintiendo lo que sucede y preparada a fotografiarlo. Por lo general despu\u00e9s de fotografiar una boda necesito al menos un d\u00eda sin mirar las fotos, as\u00ed puedo tener una distancia emocional de todo lo que mir\u00e9, sent\u00ed,\u00a0 y fotografi\u00e9. Ya luego que tengo el coraz\u00f3n menos inquieto, hago la edici\u00f3n. Entrego las mejores fotograf\u00edas con edici\u00f3n b\u00e1sica. Y si, tambi\u00e9n lloro en sus bodas cuando escucho sus compromisos hechos desde el coraz\u00f3n!<\/p>\n<p>\u00a0<\/p>\n","protected":false},"excerpt":{"rendered":"[lgc_column grid=\"25\" tablet_grid=\"50\" mobile_grid=\"100\" last=\"false\"][virtual_slide_box id=\"49\"][\/lgc_column]\n[lgc_column grid=\"25\" tablet_grid=\"50\" mobile_grid=\"100\" last=\"false\"][virtual_slide_box id=\"51\"][\/lgc_column]\n<p>[lgc_column g&#8230;<\/p>\n","protected":false},"author":1,"featured_media":0,"parent":0,"menu_order":0,"comment_status":"closed","ping_status":"closed","template":"page-templates\/page_fullwidth.php","meta":[],"_links":{"self":[{"href":"http:\/\/www.anacrismont.com\/es_ES\/wp-json\/wp\/v2\/pages\/701"}],"collection":[{"href":"http:\/\/www.anacrismont.com\/es_ES\/wp-json\/wp\/v2\/pages"}],"about":[{"href":"http:\/\/www.anacrismont.com\/es_ES\/wp-json\/wp\/v2\/types\/page"}],"author":[{"embeddable":true,"href":"http:\/\/www.anacrismont.com\/es_ES\/wp-json\/wp\/v2\/users\/1"}],"replies":[{"embeddable":true,"href":"http:\/\/www.anacrismont.com\/es_ES\/wp-json\/wp\/v2\/comments?post=701"}],"version-history":[{"count":64,"href":"http:\/\/www.anacrismont.com\/es_ES\/wp-json\/wp\/v2\/pages\/701\/revisions"}],"predecessor-version":[{"id":1897,"href":"http:\/\/www.anacrismont.com\/es_ES\/wp-json\/wp\/v2\/pages\/701\/revisions\/1897"}],"wp:attachment":[{"href":"http:\/\/www.anacrismont.com\/es_ES\/wp-json\/wp\/v2\/media?parent=701"}],"curies":[{"name":"wp","href":"https:\/\/api.w.org\/{rel}","templated":true}]}}