{"id":1874,"date":"2016-08-19T22:27:57","date_gmt":"2016-08-19T20:27:57","guid":{"rendered":"http:\/\/www.anacrismont.com\/?page_id=1874"},"modified":"2018-05-25T12:43:19","modified_gmt":"2018-05-25T10:43:19","slug":"datenschutz","status":"publish","type":"page","link":"http:\/\/www.anacrismont.com\/es_ES\/datenschutz\/","title":{"rendered":"Datenschutzerkl\u00e4rung"},"content":{"rendered":"<p><strong>Datenschutzerkl\u00e4rung<\/strong><\/p>\n<p>Die Seite wird noch erstellt. Trotzdem m\u00f6chte ich Sie wenigstens auf die wichtigsten Fragen hinweisen, die den Schutz Ihrer Daten betreffen.<\/p>\n<ol>\n<li>Die Seite kann grunds\u00e4tzlich ohne Registrierung genutzt werden und verwendet keine Cookies.<\/li>\n<li>Eine Anmeldung ist nur f\u00fcr administrative Aufgaben notwendig. Daf\u00fcr wird jeweils ein Session-Cookie gesetzt um den Nutzer bis zur Abmeldung wieder zu erkennen. Dieser Session-Cookie wird beim Schlie\u00dfen des Browsers automatisch gel\u00f6scht. Es k\u00f6nnen dar\u00fcberhinaus weitere Cookies gesetzt werden, um die Funktionalit\u00e4t der Benutzeroberfl\u00e4che zu gew\u00e4hrleisten. Sie werden serverseitig nicht gespeichert.<\/li>\n<li>Grunds\u00e4tzlich werden alle Inhalte direkt vom Server ausgeliefert. Eine Einbettung externer Inhalte erfolgt automatisch dann, wenn die Inhalte technisch nicht lokal bereitgestellt werden k\u00f6nnen. Das betrifft insbesondere die browserabh\u00e4ngige Bereitstellung von Javascript\/CSS\/Font-Daten f\u00fcr eine einheitliche Darstellung der Inhalte der Seite. Normalerweise werden diese Daten vom Browser gecached und nur einmal direkt geladen. Eine Korrelation zwischen den einzelnen Besuchen auf meiner Seite und dem Nachladen dieser Ressourcen ist also nicht zwingend gegeben. In all diesen F\u00e4llen sendet der Browser des Besuchers selbst entsprechende Daten an den jeweiligen externen Server.<\/li>\n<li>Interaktive Inhalte werden &#8211; soweit technisch m\u00f6glich &#8211; als Javascript im Browser des Besuchers ausgef\u00fchrt. Werden Inhalte dynamisch serverseitig erstellt, so wird grunds\u00e4tzlich kein weiteres Log \u00fcber diese Aktionen gef\u00fchrt. Logs beim Auftreten von Verarbeitungsfehlern werden automatisch nach einer Woche gel\u00f6scht.<\/li>\n<li>Beim Zugriff auf diese Seite \u00fcbermittelt ihr Browser automatisch Daten \u00fcber die gew\u00fcnschte Ressource, die IP-Adresse, an die die Daten \u00fcbermittelt werden sollen und gegebenenfalls auch spezifische Daten z.B. in Formularen. Ein Teil dieser Daten wird automatisch gespeichert, um den technischen Betrieb der Seite sicherstellen zu k\u00f6nnen. Sie werden automatisch nach einer Woche gel\u00f6scht.<\/li>\n<li>Der Anbieter, bei dem die Seite gehostet wird, erhebt Benutzerdaten f\u00fcr die Besucheranalyse (IP-Adresse, besuchte Seiten, Browser-Typ und Betriebssystem).<\/li>\n<li>Wenn sie auf dieser Seite das Bestellformular ausf\u00fcllen, stimmen Sie damit der Erhebung ihrer pers\u00f6nlichen Daten wie Name, Adresse\u00a0oder Email-Adresse zu. Diese Daten werden nur zum Zweck der Bestellabwicklung verwendet und gespeichert. Sie werden nicht an Dritte weitergegeben.<\/li>\n<\/ol>\n","protected":false},"excerpt":{"rendered":"<p>Datenschutzerkl\u00e4rung Die Seite wird noch erstellt. Trotzdem m\u00f6chte ich Sie wenigstens auf [&hellip;]<\/p>\n","protected":false},"author":1,"featured_media":0,"parent":0,"menu_order":0,"comment_status":"closed","ping_status":"closed","template":"page-templates\/page_fullwidth.php","meta":[],"_links":{"self":[{"href":"http:\/\/www.anacrismont.com\/es_ES\/wp-json\/wp\/v2\/pages\/1874"}],"collection":[{"href":"http:\/\/www.anacrismont.com\/es_ES\/wp-json\/wp\/v2\/pages"}],"about":[{"href":"http:\/\/www.anacrismont.com\/es_ES\/wp-json\/wp\/v2\/types\/page"}],"author":[{"embeddable":true,"href":"http:\/\/www.anacrismont.com\/es_ES\/wp-json\/wp\/v2\/users\/1"}],"replies":[{"embeddable":true,"href":"http:\/\/www.anacrismont.com\/es_ES\/wp-json\/wp\/v2\/comments?post=1874"}],"version-history":[{"count":8,"href":"http:\/\/www.anacrismont.com\/es_ES\/wp-json\/wp\/v2\/pages\/1874\/revisions"}],"predecessor-version":[{"id":1928,"href":"http:\/\/www.anacrismont.com\/es_ES\/wp-json\/wp\/v2\/pages\/1874\/revisions\/1928"}],"wp:attachment":[{"href":"http:\/\/www.anacrismont.com\/es_ES\/wp-json\/wp\/v2\/media?parent=1874"}],"curies":[{"name":"wp","href":"https:\/\/api.w.org\/{rel}","templated":true}]}}